{"id":512,"date":"2025-10-30T19:43:04","date_gmt":"2025-10-30T19:43:04","guid":{"rendered":"https:\/\/hansecol.com.co\/yzar\/?post_type=product&#038;p=512"},"modified":"2026-03-25T13:18:28","modified_gmt":"2026-03-25T13:18:28","slug":"polipasto-electrico-de-cadena-yzar-de-3-toneladas","status":"publish","type":"product","link":"https:\/\/hansecol.com.co\/yzar\/producto\/polipasto-electrico-de-cadena-yzar-de-3-toneladas\/","title":{"rendered":"Polipasto el\u00e9ctrico de cadena  YZAR de 3 Toneladas"},"content":{"rendered":"<p>El polipasto el\u00e9ctrico de cadena con carro el\u00e9ctrico o manual, es un equipo peque\u00f1o para elevaci\u00f3n en almacenes, talleres y minas. Su cuerpo est\u00e1 fabricado con una carcasa de aluminio fundido a presi\u00f3n o de alta resistencia a la tracci\u00f3n, fabricado con precisi\u00f3n mediante un proceso de moldeo por extrusi\u00f3n de pared delgada, lo que le confiere un tama\u00f1o compacto, peso ligero y alta resistencia.<\/p>\n<p>El polipasto el\u00e9ctrico de cadena est\u00e1ndar cuenta con un sistema de caja de engranajes independiente, un mecanismo de transmisi\u00f3n coaxial de dos etapas en la caja de engranajes sellada y un sistema de lubricaci\u00f3n por ba\u00f1o de aceite de larga duraci\u00f3n.<\/p>\n<p>El embrague de pulvimetalurgia del polipasto el\u00e9ctrico se utiliza como dispositivo de protecci\u00f3n contra sobrecargas.<\/p>\n<p>El freno se acciona mediante un campo electromagn\u00e9tico de CC de tipo disco. Este freno es utilizado para un control preciso de la velocidad o un frenado r\u00e1pido.<\/p>\n<p>El par de frenado es alto, estable, r\u00e1pido y silencioso. Este polipasto el\u00e9ctrico se utiliza con gr\u00faas de una y dos vigas, gr\u00faas pluma y p\u00f3rticos para la elevaci\u00f3n o carga y descarga de mercanc\u00edas. Tambi\u00e9n se puede utilizar para la instalaci\u00f3n, puesta en marcha y mantenimiento de moldes de precisi\u00f3n.<\/p>\n","protected":false},"excerpt":{"rendered":"<p>Polipasto Electrico de Cadena Y-ZAR<br \/>\nCapacidad: 3 Toneladas<br \/>\nRamales: 1 ramal<br \/>\nVoltaje: 220V \/ 440V &#8211; Trif\u00e1sico<br \/>\nTrolley: El\u00e9ctrico o Manual<br \/>\nVelocidad de izaje: 5.6 m\/min<br \/>\nPotencia Motor de izaje: 3.0 kw<\/p>\n","protected":false},"featured_media":928,"comment_status":"closed","ping_status":"closed","template":"","meta":{"_joinchat":[]},"product_brand":[],"product_cat":[36],"product_tag":[],"class_list":{"0":"post-512","1":"product","2":"type-product","3":"status-publish","4":"has-post-thumbnail","6":"product_cat-un-ramal","8":"first","9":"instock","10":"shipping-taxable","11":"product-type-simple"},"_links":{"self":[{"href":"https:\/\/hansecol.com.co\/yzar\/wp-json\/wp\/v2\/product\/512","targetHints":{"allow":["GET"]}}],"collection":[{"href":"https:\/\/hansecol.com.co\/yzar\/wp-json\/wp\/v2\/product"}],"about":[{"href":"https:\/\/hansecol.com.co\/yzar\/wp-json\/wp\/v2\/types\/product"}],"replies":[{"embeddable":true,"href":"https:\/\/hansecol.com.co\/yzar\/wp-json\/wp\/v2\/comments?post=512"}],"wp:featuredmedia":[{"embeddable":true,"href":"https:\/\/hansecol.com.co\/yzar\/wp-json\/wp\/v2\/media\/928"}],"wp:attachment":[{"href":"https:\/\/hansecol.com.co\/yzar\/wp-json\/wp\/v2\/media?parent=512"}],"wp:term":[{"taxonomy":"product_brand","embeddable":true,"href":"https:\/\/hansecol.com.co\/yzar\/wp-json\/wp\/v2\/product_brand?post=512"},{"taxonomy":"product_cat","embeddable":true,"href":"https:\/\/hansecol.com.co\/yzar\/wp-json\/wp\/v2\/product_cat?post=512"},{"taxonomy":"product_tag","embeddable":true,"href":"https:\/\/hansecol.com.co\/yzar\/wp-json\/wp\/v2\/product_tag?post=512"}],"curies":[{"name":"wp","href":"https:\/\/api.w.org\/{rel}","templated":true}]}}